{"id":943,"date":"2018-04-23T14:06:06","date_gmt":"2018-04-23T12:06:06","guid":{"rendered":"http:\/\/www.portes-de-thierache.fr\/index.php\/hestia-front\/"},"modified":"2022-02-08T18:42:06","modified_gmt":"2022-02-08T17:42:06","slug":"hestia-front","status":"publish","type":"page","link":"https:\/\/www.portes-de-thierache.fr\/index.php\/hestia-front\/","title":{"rendered":"Front Page"},"content":{"rendered":"<div class=\"col-md-5\">\n<h3>\u00c0 propos de Hestia<\/h3>\n<p>Besoin de plus de d\u00e9tails ? Consultez notre documentation compl\u00e8te sur la m\u00e9thode d\u2019utilisation de Hestia.<\/p>\n<\/div>\n<div class=\"col-md-6 col-md-offset-1\"><img decoding=\"async\" class=\"size-medium alignright\" src=\"http:\/\/www.portes-de-thierache.fr\/wp-content\/themes\/hestia\/assets\/img\/about-content.png\"><\/div>\n","protected":false},"excerpt":{"rendered":"<p>\u00c0 propos de Hestia Besoin de plus de d\u00e9tails ? Consultez notre documentation compl\u00e8te sur la m\u00e9thode d\u2019utilisation de Hestia.<\/p>\n","protected":false},"author":1,"featured_media":0,"parent":0,"menu_order":0,"comment_status":"closed","ping_status":"closed","template":"","meta":{"ngg_post_thumbnail":0,"footnotes":""},"class_list":["post-943","page","type-page","status-publish","hentry"],"_links":{"self":[{"href":"https:\/\/www.portes-de-thierache.fr\/index.php\/wp-json\/wp\/v2\/pages\/943","targetHints":{"allow":["GET"]}}],"collection":[{"href":"https:\/\/www.portes-de-thierache.fr\/index.php\/wp-json\/wp\/v2\/pages"}],"about":[{"href":"https:\/\/www.portes-de-thierache.fr\/index.php\/wp-json\/wp\/v2\/types\/page"}],"author":[{"embeddable":true,"href":"https:\/\/www.portes-de-thierache.fr\/index.php\/wp-json\/wp\/v2\/users\/1"}],"replies":[{"embeddable":true,"href":"https:\/\/www.portes-de-thierache.fr\/index.php\/wp-json\/wp\/v2\/comments?post=943"}],"version-history":[{"count":0,"href":"https:\/\/www.portes-de-thierache.fr\/index.php\/wp-json\/wp\/v2\/pages\/943\/revisions"}],"wp:attachment":[{"href":"https:\/\/www.portes-de-thierache.fr\/index.php\/wp-json\/wp\/v2\/media?parent=943"}],"curies":[{"name":"wp","href":"https:\/\/api.w.org\/{rel}","templated":true}]}}